{"id":191,"date":"2022-08-11T13:26:28","date_gmt":"2022-08-11T13:26:28","guid":{"rendered":"https:\/\/isabellekrier-coaching.de\/?page_id=191"},"modified":"2024-06-20T10:25:37","modified_gmt":"2024-06-20T10:25:37","slug":"impressum","status":"publish","type":"page","link":"https:\/\/isabellekrier-coaching.de\/en\/impressum","title":{"rendered":"IMPRESSUM"},"content":{"rendered":"<div data-elementor-type=\"wp-page\" data-elementor-id=\"191\" class=\"elementor elementor-191\" data-elementor-post-type=\"page\">\n\t\t\t\t\t\t<section class=\"elementor-section elementor-top-section elementor-element elementor-element-71d1b3b2 elementor-section-boxed elementor-section-height-default elementor-section-height-default\" data-id=\"71d1b3b2\" data-element_type=\"section\" data-e-type=\"section\">\n\t\t\t\t\t\t<div class=\"elementor-container elementor-column-gap-no\">\n\t\t\t\t\t<div class=\"elementor-column elementor-col-100 elementor-top-column elementor-element elementor-element-6dffd49c\" data-id=\"6dffd49c\" data-element_type=\"column\" data-e-type=\"column\" data-settings=\"{&quot;animation&quot;:&quot;none&quot;}\">\n\t\t\t<div class=\"elementor-widget-wrap elementor-element-populated\">\n\t\t\t\t\t\t<div class=\"elementor-element elementor-element-2bd98a1 elementor-widget elementor-widget-heading\" data-id=\"2bd98a1\" data-element_type=\"widget\" data-e-type=\"widget\" data-widget_type=\"heading.default\">\n\t\t\t\t<div class=\"elementor-widget-container\">\n\t\t\t\t\t<h2 class=\"elementor-heading-title elementor-size-default\">IMPRESSUM<\/h2>\t\t\t\t<\/div>\n\t\t\t\t<\/div>\n\t\t\t\t<div class=\"elementor-element elementor-element-e7a1a68 elementor-widget-divider--view-line elementor-widget elementor-widget-divider\" data-id=\"e7a1a68\" data-element_type=\"widget\" data-e-type=\"widget\" data-widget_type=\"divider.default\">\n\t\t\t\t<div class=\"elementor-widget-container\">\n\t\t\t\t\t\t\t<div class=\"elementor-divider\">\n\t\t\t<span class=\"elementor-divider-separator\">\n\t\t\t\t\t\t<\/span>\n\t\t<\/div>\n\t\t\t\t\t\t<\/div>\n\t\t\t\t<\/div>\n\t\t\t\t<div class=\"elementor-element elementor-element-1e5c312 elementor-widget elementor-widget-text-editor\" data-id=\"1e5c312\" data-element_type=\"widget\" data-e-type=\"widget\" data-widget_type=\"text-editor.default\">\n\t\t\t\t<div class=\"elementor-widget-container\">\n\t\t\t\t\t\t\t\t\t<p>Isabelle Krier\u2028<br \/>Dipl. Ing. Architektin,\u00a0Coach\u2028<\/p><p>Widweg 5,\u2028<br \/>81247 M\u00fcnchen<\/p><p>Editorial responsibility:<br \/>Isabelle Krier<\/p><p>Image credits:<br \/>Fotos von Astrid Eckert http:\/\/www.astrid-eckert.de, unsplash.com, Eric Fritzsche, Jurga Graf https:\/\/photo-graf.de, flaticon.com, Sabine Jakobs,\u00a0<\/p><p>Gender Notice:<br \/>For the sake of better readability of the texts, the masculine form of personal nouns has been chosen. This in no way implies any discrimination against the other gender.<\/p><p>Translation:<br \/>Translated with www.DeepL.com\/Translator (free version)<\/p><p>EU Dispute Resolution<br \/>The European Commission provides a platform for online dispute resolution (OS): https:\/\/ec.europa.eu\/consumers\/odr.\u2028You can find our e-mail address in the imprint above.<\/p><p>Consumer dispute resolution\/universal arbitration board<br \/>We are not willing or obliged to participate in dispute resolution proceedings before a consumer arbitration board.<\/p><p>Liability for contents:<br \/>As a service provider, we are responsible for our own content on these pages in accordance with general legislation pursuant to Section 7 (1) of the German Telemedia Act (TMG). According to \u00a7\u00a7 8 to 10 TMG, however, we are not obligated as a service provider to monitor transmitted or stored third-party information or to investigate circumstances that indicate illegal activity. Obligations to remove or block the use of information under the general laws remain unaffected. However, liability in this regard is only possible from the point in time at which a concrete infringement of the law becomes known. If we become aware of such infringements, we will remove this content immediately.<br \/>Our offer contains links to external websites of third parties, on whose contents we have no influence. Therefore, we cannot assume any liability for these external contents. The respective provider or operator of the pages is always responsible for the content of the linked pages. The linked pages were checked for possible legal violations at the time of linking. Illegal contents were not recognizable at the time of linking. However, a permanent control of the contents of the linked pages is not reasonable without concrete evidence of a violation of the law. If we become aware of any infringements, we will remove such links immediately.<\/p><p>Copyright<br \/>The content and works created by the site operators on these pages are subject to German copyright law. The reproduction, editing, distribution and any kind of exploitation outside the limits of copyright require the written consent of the respective author or creator. Downloads and copies of this site are only permitted for private, non-commercial use. Insofar as the content on this site was not created by the operator, the copyrights of third parties are respected. In particular, third-party content is identified as such. Should you nevertheless become aware of a copyright infringement, please inform us accordingly. If we become aware of any infringements, we will remove such content immediately.<\/p><p>Source:<br \/>\u00a9 Copyright. All rights reserved.<\/p><p>e<\/p><p>k<\/p>\t\t\t\t\t\t\t\t<\/div>\n\t\t\t\t<\/div>\n\t\t\t\t\t<\/div>\n\t\t<\/div>\n\t\t\t\t\t<\/div>\n\t\t<\/section>\n\t\t\t\t<\/div>","protected":false},"excerpt":{"rendered":"<p>IMPRESSUM Isabelle Krier\u2028Dipl. Ing. Architektin,\u00a0Coach\u2028 Widweg 5,\u202881247 M\u00fcnchen Redaktionelle Verantwortung:\u2028Isabelle Krier Bildnachweis:Fotos von Astrid Eckert http:\/\/www.astrid-eckert.de, unsplash.com, Eric Fritzsche, Jurga Graf https:\/\/photo-graf.de, flaticon.com, Sabine Jakobs,\u00a0 Gender-Hinweis:\u2028Im Sinne einer besseren Lesbarkeit der Texte wurde die m\u00e4nnliche Form von personenbezogenen Hauptw\u00f6rtern gew\u00e4hlt. Dies impliziert keinesfalls eine Benachteiligung des anderen Geschlechts. \u00dcbersetzung:Translated with www.DeepL.com\/Translator (free version) EU-Streitschlichtung:Die Europ\u00e4ische [&hellip;]<\/p>\n","protected":false},"author":1,"featured_media":0,"parent":0,"menu_order":0,"comment_status":"closed","ping_status":"closed","template":"elementor_header_footer","meta":{"footnotes":""},"class_list":["post-191","page","type-page","status-publish","hentry","entry"],"_links":{"self":[{"href":"https:\/\/isabellekrier-coaching.de\/en\/wp-json\/wp\/v2\/pages\/191","targetHints":{"allow":["GET"]}}],"collection":[{"href":"https:\/\/isabellekrier-coaching.de\/en\/wp-json\/wp\/v2\/pages"}],"about":[{"href":"https:\/\/isabellekrier-coaching.de\/en\/wp-json\/wp\/v2\/types\/page"}],"author":[{"embeddable":true,"href":"https:\/\/isabellekrier-coaching.de\/en\/wp-json\/wp\/v2\/users\/1"}],"replies":[{"embeddable":true,"href":"https:\/\/isabellekrier-coaching.de\/en\/wp-json\/wp\/v2\/comments?post=191"}],"version-history":[{"count":88,"href":"https:\/\/isabellekrier-coaching.de\/en\/wp-json\/wp\/v2\/pages\/191\/revisions"}],"predecessor-version":[{"id":2537,"href":"https:\/\/isabellekrier-coaching.de\/en\/wp-json\/wp\/v2\/pages\/191\/revisions\/2537"}],"wp:attachment":[{"href":"https:\/\/isabellekrier-coaching.de\/en\/wp-json\/wp\/v2\/media?parent=191"}],"curies":[{"name":"wp","href":"https:\/\/api.w.org\/{rel}","templated":true}]}}